{"id":106,"date":"2020-05-24T22:22:25","date_gmt":"2020-05-24T22:22:25","guid":{"rendered":"http:\/\/www.acvideo.com.br\/wordpress\/?page_id=106"},"modified":"2023-04-16T03:13:13","modified_gmt":"2023-04-16T03:13:13","slug":"drone","status":"publish","type":"page","link":"http:\/\/www.acvideo.com.br\/wordpress\/drone\/","title":{"rendered":"Filmagem com Drones"},"content":{"rendered":"\n<p>Com os drones da A A C Video, voc\u00ea ter\u00e1 a disposi\u00e7\u00e3o o que h\u00e1 de mais moderno em tecnologia de capta\u00e7\u00e3o de imagens a\u00e9reas. Nossos equipamentos de \u00faltima gera\u00e7\u00e3o oferecem filmagens de alta qualidade com baixo custo, permitindo que voc\u00ea tenha uma perspectiva a\u00e9rea \u00fanica para seu projeto audiovisual.<\/p>\n\n\n\n<p>Nossa equipe de profissionais altamente qualificados em opera\u00e7\u00e3o de drones, garantem a seguran\u00e7a e a qualidade das filmagens, obedecendo todas as normas e regulamenta\u00e7\u00f5es em vigor.<\/p>\n\n\n\n<p><\/p>\n\n\n\n<figure><iframe width=\"560\" height=\"315\" src=\"https:\/\/www.youtube.com\/embed\/5w9kfGBASu0\" allowfullscreen=\"\"><\/iframe><\/figure>\n\n\n\n<p>A filmagem a\u00e9rea pode ser aplicada em diferentes \u00e1reas, como eventos, im\u00f3veis, turismo, constru\u00e7\u00e3o civil, entre outras. Com a A A C Video, voc\u00ea ter\u00e1 um diferencial competitivo para o seu projeto, agregando valor e inova\u00e7\u00e3o.<\/p>\n\n\n\n<p>N\u00e3o perca mais tempo e entre em contato conosco para saber mais sobre as possibilidades de utiliza\u00e7\u00e3o da filmagem a\u00e9rea em seu projeto. Estamos prontos para atend\u00ea-lo com excel\u00eancia.<\/p>\n","protected":false},"excerpt":{"rendered":"<p>Com os drones da A A C Video, voc\u00ea ter\u00e1 a disposi\u00e7\u00e3o o que h\u00e1 de mais moderno em tecnologia de capta\u00e7\u00e3o [&hellip;]<\/p>\n","protected":false},"author":1,"featured_media":0,"parent":0,"menu_order":0,"comment_status":"closed","ping_status":"closed","template":"page-templates\/page_fullwidth.php","meta":{"footnotes":""},"class_list":["post-106","page","type-page","status-publish","hentry"],"_links":{"self":[{"href":"http:\/\/www.acvideo.com.br\/wordpress\/wp-json\/wp\/v2\/pages\/106","targetHints":{"allow":["GET"]}}],"collection":[{"href":"http:\/\/www.acvideo.com.br\/wordpress\/wp-json\/wp\/v2\/pages"}],"about":[{"href":"http:\/\/www.acvideo.com.br\/wordpress\/wp-json\/wp\/v2\/types\/page"}],"author":[{"embeddable":true,"href":"http:\/\/www.acvideo.com.br\/wordpress\/wp-json\/wp\/v2\/users\/1"}],"replies":[{"embeddable":true,"href":"http:\/\/www.acvideo.com.br\/wordpress\/wp-json\/wp\/v2\/comments?post=106"}],"version-history":[{"count":5,"href":"http:\/\/www.acvideo.com.br\/wordpress\/wp-json\/wp\/v2\/pages\/106\/revisions"}],"predecessor-version":[{"id":133,"href":"http:\/\/www.acvideo.com.br\/wordpress\/wp-json\/wp\/v2\/pages\/106\/revisions\/133"}],"wp:attachment":[{"href":"http:\/\/www.acvideo.com.br\/wordpress\/wp-json\/wp\/v2\/media?parent=106"}],"curies":[{"name":"wp","href":"https:\/\/api.w.org\/{rel}","templated":true}]}}