{"id":11,"date":"2015-12-12T02:24:40","date_gmt":"2015-12-12T02:24:40","guid":{"rendered":"http:\/\/www.acvideo.com.br\/wordpress\/?page_id=11"},"modified":"2023-04-16T03:08:13","modified_gmt":"2023-04-16T03:08:13","slug":"transcricao","status":"publish","type":"page","link":"http:\/\/www.acvideo.com.br\/wordpress\/transcricao\/","title":{"rendered":"Digitaliza\u00e7\u00e3o Super-8"},"content":{"rendered":"<p>Com a A A C Video, voc\u00ea poder\u00e1 recuperar suas lembran\u00e7as antigas e assisti-las no formato digital que preferir. Sabe aquele Super-8 que est\u00e1 guardado h\u00e1 anos? Agora \u00e9 poss\u00edvel recuper\u00e1-lo com nossos t\u00e9cnicos especializados em recupera\u00e7\u00e3o de filmes antigos e fitas VHS, VHS-C, 8mm e outros formatos, consulte-nos!<\/p>\n<p><strong>\u00a0<a href=\"http:\/\/www.acvideo.com.br\/wordpress\/wp-content\/uploads\/2015\/12\/film-film-reel-video-cinema-super-8-mm-film-1.png\" rel=\"attachment wp-att-44\"><img loading=\"lazy\" decoding=\"async\" class=\"alignnone wp-image-44 \" src=\"http:\/\/www.acvideo.com.br\/wordpress\/wp-content\/uploads\/2015\/12\/film-film-reel-video-cinema-super-8-mm-film-1-150x150.png\" alt=\"film-film-reel-video-cinema-super-8-mm-film-1\" width=\"196\" height=\"196\" \/><\/a> <a href=\"http:\/\/www.acvideo.com.br\/wordpress\/wp-content\/uploads\/2015\/12\/old_super8_camera_by_1dohcouk-d5ff0vw.png\" rel=\"attachment wp-att-45\"><img loading=\"lazy\" decoding=\"async\" class=\"alignnone wp-image-45 \" src=\"http:\/\/www.acvideo.com.br\/wordpress\/wp-content\/uploads\/2015\/12\/old_super8_camera_by_1dohcouk-d5ff0vw-300x300.png\" alt=\"old_super8_camera_by_1dohcouk-d5ff0vw\" width=\"210\" height=\"210\" srcset=\"http:\/\/www.acvideo.com.br\/wordpress\/wp-content\/uploads\/2015\/12\/old_super8_camera_by_1dohcouk-d5ff0vw-300x300.png 300w, http:\/\/www.acvideo.com.br\/wordpress\/wp-content\/uploads\/2015\/12\/old_super8_camera_by_1dohcouk-d5ff0vw-150x150.png 150w, http:\/\/www.acvideo.com.br\/wordpress\/wp-content\/uploads\/2015\/12\/old_super8_camera_by_1dohcouk-d5ff0vw-230x230.png 230w, http:\/\/www.acvideo.com.br\/wordpress\/wp-content\/uploads\/2015\/12\/old_super8_camera_by_1dohcouk-d5ff0vw-350x350.png 350w, http:\/\/www.acvideo.com.br\/wordpress\/wp-content\/uploads\/2015\/12\/old_super8_camera_by_1dohcouk-d5ff0vw.png 512w\" sizes=\"auto, (max-width: 210px) 100vw, 210px\" \/><\/a><\/strong><\/p>\n<p>Utilizamos equipamentos de \u00faltima gera\u00e7\u00e3o para capturar digitalmente cada frame e realizar uma convers\u00e3o digital de alta qualidade. Nossos servi\u00e7os incluem a convers\u00e3o dos filmes 8mm e Super-8 em arquivos de filme digital MPEG4 com resolu\u00e7\u00e3o 720p e 30 fps, al\u00e9m da possibilidade de edi\u00e7\u00e3o e inser\u00e7\u00e3o de m\u00fasicas.<\/p>\n<p><iframe loading=\"lazy\" src=\"https:\/\/www.youtube.com\/embed\/uIigEHeJ4Ss\" width=\"560\" height=\"315\" frameborder=\"0\" allowfullscreen=\"allowfullscreen\"><\/iframe><\/p>\n<p>Voc\u00ea poder\u00e1 eternizar suas imagens em diferentes formatos, como DVD, Blu-Ray, Pen-Drive, HD Externo, entre outras op\u00e7\u00f5es. Entre em contato conosco para saber mais sobre nossos servi\u00e7os e as m\u00eddias dispon\u00edveis.<\/p>\n<p>N\u00e3o deixe suas mem\u00f3rias antigas se perderem no tempo. Venha conferir como podemos ajudar a recuper\u00e1-las e eterniz\u00e1-las em formato digital de alta qualidade.<\/p>\n<p><a href=\"http:\/\/www.acvideo.com.br\/wordpress\/wp-content\/uploads\/2020\/05\/71j-j5vnO0L._SL1500_.jpg\"><img loading=\"lazy\" decoding=\"async\" class=\"alignnone size-medium wp-image-88\" src=\"http:\/\/www.acvideo.com.br\/wordpress\/wp-content\/uploads\/2020\/05\/71j-j5vnO0L._SL1500_-300x300.jpg\" alt=\"\" width=\"300\" height=\"300\" srcset=\"http:\/\/www.acvideo.com.br\/wordpress\/wp-content\/uploads\/2020\/05\/71j-j5vnO0L._SL1500_-300x300.jpg 300w, http:\/\/www.acvideo.com.br\/wordpress\/wp-content\/uploads\/2020\/05\/71j-j5vnO0L._SL1500_-1024x1024.jpg 1024w, http:\/\/www.acvideo.com.br\/wordpress\/wp-content\/uploads\/2020\/05\/71j-j5vnO0L._SL1500_-150x150.jpg 150w, http:\/\/www.acvideo.com.br\/wordpress\/wp-content\/uploads\/2020\/05\/71j-j5vnO0L._SL1500_-768x768.jpg 768w, http:\/\/www.acvideo.com.br\/wordpress\/wp-content\/uploads\/2020\/05\/71j-j5vnO0L._SL1500_-830x830.jpg 830w, http:\/\/www.acvideo.com.br\/wordpress\/wp-content\/uploads\/2020\/05\/71j-j5vnO0L._SL1500_-230x230.jpg 230w, http:\/\/www.acvideo.com.br\/wordpress\/wp-content\/uploads\/2020\/05\/71j-j5vnO0L._SL1500_-350x350.jpg 350w, http:\/\/www.acvideo.com.br\/wordpress\/wp-content\/uploads\/2020\/05\/71j-j5vnO0L._SL1500_-480x480.jpg 480w, http:\/\/www.acvideo.com.br\/wordpress\/wp-content\/uploads\/2020\/05\/71j-j5vnO0L._SL1500_.jpg 1500w\" sizes=\"auto, (max-width: 300px) 100vw, 300px\" \/><\/a><\/p>\n","protected":false},"excerpt":{"rendered":"<p>Com a A A C Video, voc\u00ea poder\u00e1 recuperar suas lembran\u00e7as antigas e assisti-las no formato digital que preferir. Sabe aquele Super-8 [&hellip;]<\/p>\n","protected":false},"author":1,"featured_media":0,"parent":0,"menu_order":0,"comment_status":"closed","ping_status":"closed","template":"page-templates\/page_fullwidth.php","meta":{"footnotes":""},"class_list":["post-11","page","type-page","status-publish","hentry"],"_links":{"self":[{"href":"http:\/\/www.acvideo.com.br\/wordpress\/wp-json\/wp\/v2\/pages\/11","targetHints":{"allow":["GET"]}}],"collection":[{"href":"http:\/\/www.acvideo.com.br\/wordpress\/wp-json\/wp\/v2\/pages"}],"about":[{"href":"http:\/\/www.acvideo.com.br\/wordpress\/wp-json\/wp\/v2\/types\/page"}],"author":[{"embeddable":true,"href":"http:\/\/www.acvideo.com.br\/wordpress\/wp-json\/wp\/v2\/users\/1"}],"replies":[{"embeddable":true,"href":"http:\/\/www.acvideo.com.br\/wordpress\/wp-json\/wp\/v2\/comments?post=11"}],"version-history":[{"count":9,"href":"http:\/\/www.acvideo.com.br\/wordpress\/wp-json\/wp\/v2\/pages\/11\/revisions"}],"predecessor-version":[{"id":134,"href":"http:\/\/www.acvideo.com.br\/wordpress\/wp-json\/wp\/v2\/pages\/11\/revisions\/134"}],"wp:attachment":[{"href":"http:\/\/www.acvideo.com.br\/wordpress\/wp-json\/wp\/v2\/media?parent=11"}],"curies":[{"name":"wp","href":"https:\/\/api.w.org\/{rel}","templated":true}]}}