{"id":15,"date":"2015-12-12T02:37:04","date_gmt":"2015-12-12T02:37:04","guid":{"rendered":"http:\/\/www.acvideo.com.br\/wordpress\/?page_id=15"},"modified":"2026-04-29T23:32:45","modified_gmt":"2026-04-29T23:32:45","slug":"videos","status":"publish","type":"page","link":"http:\/\/www.acvideo.com.br\/wordpress\/videos\/","title":{"rendered":"Nossos trabalhos"},"content":{"rendered":"<div class=\"acvideo-conteudo-padrao\">\n<section class=\"acvideo-secao texto-centro\">\n<h2>Nosso Portf\u00f3lio<\/h2>\n<p class=\"texto-destaque\">Resultados que falam por si. Transformamos ideias em produ\u00e7\u00f5es audiovisuais de alto impacto.<\/p>\n<p style=\"color: #666; font-size: 16px;\">Confira abaixo uma sele\u00e7\u00e3o dos nossos melhores projetos.<\/p>\n<\/section>\n<section class=\"acvideo-secao\">\n<div class=\"grid-portfolio-videos\">\n<div class=\"video-responsivo\">\n                <iframe src=\"https:\/\/www.youtube.com\/embed\/ZUC6bY0NF8U\" frameborder=\"0\" allowfullscreen loading=\"lazy\" title=\"Portf\u00f3lio AC V\u00eddeo 1\"><\/iframe>\n            <\/div>\n<div class=\"video-responsivo\">\n                <iframe src=\"https:\/\/www.youtube.com\/embed\/pDnRuqAi67E\" frameborder=\"0\" allowfullscreen loading=\"lazy\" title=\"Portf\u00f3lio AC V\u00eddeo 2\"><\/iframe>\n            <\/div>\n<div class=\"video-responsivo\">\n                <iframe src=\"https:\/\/www.youtube.com\/embed\/dDJO2Ra9itw\" frameborder=\"0\" allowfullscreen loading=\"lazy\" title=\"Portf\u00f3lio AC V\u00eddeo 3\"><\/iframe>\n            <\/div>\n<div class=\"video-responsivo\">\n                <iframe src=\"https:\/\/www.youtube.com\/embed\/IgWFkPc3Uns\" frameborder=\"0\" allowfullscreen loading=\"lazy\" title=\"Portf\u00f3lio AC V\u00eddeo 4\"><\/iframe>\n            <\/div>\n<div class=\"video-responsivo\">\n                <iframe src=\"https:\/\/www.youtube.com\/embed\/9hCIjDA9kzw\" frameborder=\"0\" allowfullscreen loading=\"lazy\" title=\"Portf\u00f3lio AC V\u00eddeo 5\"><\/iframe>\n            <\/div>\n<div class=\"video-responsivo\">\n                <iframe src=\"https:\/\/www.youtube.com\/embed\/szXWh3jdMWo\" frameborder=\"0\" allowfullscreen loading=\"lazy\" title=\"Portf\u00f3lio AC V\u00eddeo 6\"><\/iframe>\n            <\/div>\n<div class=\"video-responsivo\">\n                <iframe src=\"https:\/\/www.youtube.com\/embed\/Uh61q2Y3vFs\" frameborder=\"0\" allowfullscreen loading=\"lazy\" title=\"Portf\u00f3lio AC V\u00eddeo 7\"><\/iframe>\n            <\/div>\n<div class=\"video-responsivo\">\n                <iframe src=\"https:\/\/www.youtube.com\/embed\/EKmUEtrPiME\" frameborder=\"0\" allowfullscreen loading=\"lazy\" title=\"Portf\u00f3lio AC V\u00eddeo 8\"><\/iframe>\n            <\/div>\n<div class=\"video-responsivo\">\n                <iframe src=\"https:\/\/www.youtube.com\/embed\/rUrVmruzqys\" frameborder=\"0\" allowfullscreen loading=\"lazy\" title=\"Portf\u00f3lio AC V\u00eddeo 9\"><\/iframe>\n            <\/div>\n<div class=\"video-responsivo\">\n                <iframe src=\"https:\/\/www.youtube.com\/embed\/LG5Af98Qdxk\" frameborder=\"0\" allowfullscreen loading=\"lazy\" title=\"Portf\u00f3lio AC V\u00eddeo 10\"><\/iframe>\n            <\/div>\n<\/p><\/div>\n<\/section>\n<section class=\"acvideo-secao cta-escuro texto-centro\">\n<h2 class=\"titulo-branco\">Inspirado pelos nossos trabalhos?<\/h2>\n<p style=\"margin-bottom: 25px; font-size: 18px; color: #ddd;\">Vamos juntos produzir o pr\u00f3ximo v\u00eddeo de sucesso da sua empresa.<\/p>\n<p>        <a href=\"https:\/\/wa.me\/5548999828419\" class=\"btn-whatsapp\" target=\"_blank\" rel=\"noopener\"><br \/>\n            \ud83d\ude80 Falar sobre meu projeto no WhatsApp<br \/>\n        <\/a><br \/>\n    <\/section>\n<\/div>\n","protected":false},"excerpt":{"rendered":"<p>Nosso Portf\u00f3lio Resultados que falam por si. Transformamos ideias em produ\u00e7\u00f5es audiovisuais de alto impacto. Confira abaixo uma sele\u00e7\u00e3o dos nossos melhores [&hellip;]<\/p>\n","protected":false},"author":1,"featured_media":0,"parent":0,"menu_order":0,"comment_status":"closed","ping_status":"closed","template":"page-templates\/page_fullwidth.php","meta":{"footnotes":""},"class_list":["post-15","page","type-page","status-publish","hentry"],"_links":{"self":[{"href":"http:\/\/www.acvideo.com.br\/wordpress\/wp-json\/wp\/v2\/pages\/15","targetHints":{"allow":["GET"]}}],"collection":[{"href":"http:\/\/www.acvideo.com.br\/wordpress\/wp-json\/wp\/v2\/pages"}],"about":[{"href":"http:\/\/www.acvideo.com.br\/wordpress\/wp-json\/wp\/v2\/types\/page"}],"author":[{"embeddable":true,"href":"http:\/\/www.acvideo.com.br\/wordpress\/wp-json\/wp\/v2\/users\/1"}],"replies":[{"embeddable":true,"href":"http:\/\/www.acvideo.com.br\/wordpress\/wp-json\/wp\/v2\/comments?post=15"}],"version-history":[{"count":8,"href":"http:\/\/www.acvideo.com.br\/wordpress\/wp-json\/wp\/v2\/pages\/15\/revisions"}],"predecessor-version":[{"id":219,"href":"http:\/\/www.acvideo.com.br\/wordpress\/wp-json\/wp\/v2\/pages\/15\/revisions\/219"}],"wp:attachment":[{"href":"http:\/\/www.acvideo.com.br\/wordpress\/wp-json\/wp\/v2\/media?parent=15"}],"curies":[{"name":"wp","href":"https:\/\/api.w.org\/{rel}","templated":true}]}}