{"id":28,"date":"2015-12-12T02:53:16","date_gmt":"2015-12-12T02:53:16","guid":{"rendered":"http:\/\/www.acvideo.com.br\/wordpress\/?page_id=28"},"modified":"2026-04-29T22:52:22","modified_gmt":"2026-04-29T22:52:22","slug":"sobre","status":"publish","type":"page","link":"http:\/\/www.acvideo.com.br\/wordpress\/","title":{"rendered":"Sobre"},"content":{"rendered":"<div class=\"acvideo-conteudo-padrao\">\n<section class=\"acvideo-secao texto-centro\">\n<h2>Produ\u00e7\u00e3o de V\u00eddeos Profissionais em Florian\u00f3polis<\/h2>\n<p class=\"texto-destaque\">Transformamos sua ideia em v\u00eddeos que aumentam sua autoridade e ajudam sua empresa a vender mais.<\/p>\n<p class=\"badge-experiencia\">Mais de 30 anos de experi\u00eancia no mercado (desde 1989)<\/p>\n<div class=\"provas-rapidas\">\n            <span>\u2714 Atendimento r\u00e1pido<\/span><br \/>\n            <span>\u2714 Qualidade profissional<\/span><br \/>\n            <span>\u2714 Projetos personalizados<\/span><br \/>\n            <span>\u2714 Entrega eficiente<\/span>\n        <\/div>\n<\/section>\n<section class=\"acvideo-secao fundo-cinza texto-centro\">\n<p class=\"texto-destaque\" style=\"margin-bottom: 30px;\">Cada projeto \u00e9 desenvolvido com foco em qualidade, estrat\u00e9gia e resultado para o cliente.<\/p>\n<div class=\"video-responsivo\">\n            <iframe src=\"https:\/\/www.youtube.com\/embed\/qu51BNqEjTU\" frameborder=\"0\" allowfullscreen><\/iframe>\n        <\/div>\n<\/section>\n<section class=\"acvideo-secao cta-escuro texto-centro\">\n<h2 class=\"titulo-branco\">Pronto para ter um v\u00eddeo profissional para sua empresa?<\/h2>\n<p style=\"margin-bottom: 25px; font-size: 18px;\">Clique no bot\u00e3o abaixo e fale direto conosco<\/p>\n<p>        <a href=\"https:\/\/wa.me\/554899828419\" class=\"btn-whatsapp\" target=\"_blank\" rel=\"noopener\"><br \/>\n            \ud83d\ude80 Solicitar Or\u00e7amento no WhatsApp<br \/>\n        <\/a><br \/>\n    <\/section>\n<\/div>\n","protected":false},"excerpt":{"rendered":"<p>Produ\u00e7\u00e3o de V\u00eddeos Profissionais em Florian\u00f3polis Transformamos sua ideia em v\u00eddeos que aumentam sua autoridade e ajudam sua empresa a vender mais. [&hellip;]<\/p>\n","protected":false},"author":1,"featured_media":0,"parent":0,"menu_order":0,"comment_status":"closed","ping_status":"closed","template":"page-templates\/page_fullwidth.php","meta":{"footnotes":""},"class_list":["post-28","page","type-page","status-publish","hentry"],"_links":{"self":[{"href":"http:\/\/www.acvideo.com.br\/wordpress\/wp-json\/wp\/v2\/pages\/28","targetHints":{"allow":["GET"]}}],"collection":[{"href":"http:\/\/www.acvideo.com.br\/wordpress\/wp-json\/wp\/v2\/pages"}],"about":[{"href":"http:\/\/www.acvideo.com.br\/wordpress\/wp-json\/wp\/v2\/types\/page"}],"author":[{"embeddable":true,"href":"http:\/\/www.acvideo.com.br\/wordpress\/wp-json\/wp\/v2\/users\/1"}],"replies":[{"embeddable":true,"href":"http:\/\/www.acvideo.com.br\/wordpress\/wp-json\/wp\/v2\/comments?post=28"}],"version-history":[{"count":13,"href":"http:\/\/www.acvideo.com.br\/wordpress\/wp-json\/wp\/v2\/pages\/28\/revisions"}],"predecessor-version":[{"id":211,"href":"http:\/\/www.acvideo.com.br\/wordpress\/wp-json\/wp\/v2\/pages\/28\/revisions\/211"}],"wp:attachment":[{"href":"http:\/\/www.acvideo.com.br\/wordpress\/wp-json\/wp\/v2\/media?parent=28"}],"curies":[{"name":"wp","href":"https:\/\/api.w.org\/{rel}","templated":true}]}}